{"id":2,"date":"2025-12-19T10:12:39","date_gmt":"2025-12-19T10:12:39","guid":{"rendered":"https:\/\/archiv-harry-plaster.de\/?page_id=2"},"modified":"2025-12-20T12:27:19","modified_gmt":"2025-12-20T12:27:19","slug":"sample-page","status":"publish","type":"page","link":"https:\/\/archiv-harry-plaster.de\/","title":{"rendered":"Home"},"content":{"rendered":"\n<h2 class=\"wp-block-heading\">Die erste Adresse f\u00fcr Bad Harzburger Geschichte<\/h2>\n\n\n\n<p>Er ist die erste Adresse, wenn es um Einblicke in die Bad Harzburger Geschichte geht: Mit einer alten Ansichtskarte des einstigen \u201eCentral Hotel\u201c, das seinen Schwiegereltern bis 1976 geh\u00f6rte, begann f\u00fcr <strong>Harry Plaster<\/strong> die Sammelleidenschaft, die sich vom Hobby bis fast zum Beruf (oder zur Berufung) entwickelte. <\/p>\n\n\n\n<p>Unabl\u00e4ssig durchstreifte er gemeinsam mit seiner Frau Anita Ansichtskartenb\u00f6rsen und Tr\u00f6delm\u00e4rkte, sicherte Fotos und Dokumente zur Bad Harzburger Geschichte, die sonst vielfach unbeachtet weggeworfen worden w\u00e4ren. Im Ergebnis f\u00fcllen unz\u00e4hlige Fotoalben, B\u00fccher, Zeitungen und Akten die Regale in der Wohnung und im Keller. <\/p>\n\n\n<div class=\"wp-block-image\">\n<figure class=\"aligncenter size-large\"><img loading=\"lazy\" decoding=\"async\" width=\"1024\" height=\"768\" src=\"https:\/\/archiv-harry-plaster.de\/wp-content\/uploads\/2025\/12\/HGV-Archiv-alt-Hrl.-Grundschule-25.02.13-H.-Plaster-1024x768.jpg\" alt=\"\" class=\"wp-image-159\" srcset=\"https:\/\/archiv-harry-plaster.de\/wp-content\/uploads\/2025\/12\/HGV-Archiv-alt-Hrl.-Grundschule-25.02.13-H.-Plaster-1024x768.jpg 1024w, https:\/\/archiv-harry-plaster.de\/wp-content\/uploads\/2025\/12\/HGV-Archiv-alt-Hrl.-Grundschule-25.02.13-H.-Plaster-300x225.jpg 300w, https:\/\/archiv-harry-plaster.de\/wp-content\/uploads\/2025\/12\/HGV-Archiv-alt-Hrl.-Grundschule-25.02.13-H.-Plaster-768x576.jpg 768w, https:\/\/archiv-harry-plaster.de\/wp-content\/uploads\/2025\/12\/HGV-Archiv-alt-Hrl.-Grundschule-25.02.13-H.-Plaster-1536x1152.jpg 1536w, https:\/\/archiv-harry-plaster.de\/wp-content\/uploads\/2025\/12\/HGV-Archiv-alt-Hrl.-Grundschule-25.02.13-H.-Plaster-2048x1536.jpg 2048w\" sizes=\"auto, (max-width: 1024px) 100vw, 1024px\" \/><figcaption class=\"wp-element-caption\">Eine fast ein halbes Jahrhundert w\u00e4hrende Sammelleidenschaft l\u00e4sst sich auch am Equipment ablesen&#8230;<\/figcaption><\/figure>\n<\/div>\n\n\n<p>Mit der Wendezeit entdeckte Harry Plaster die Fotografie f\u00fcr sich, hielt Ver\u00e4nderungen im Stadtbild selbst mit der Kamera fest. Mit Ausstellungen zur Stadtgeschichte und regelm\u00e4\u00dfige Berichterstattungen mit Fotos aus dem Plaster-Archiv in den regionalen Zeitungen wurden Fenster in die Harzer Geschichte ge\u00f6ffnet. <\/p>\n\n\n\n<p>Seine Kenntnisse erwarb er auch mit der Betreung&nbsp; des Fotoarchivs des Harzburger Geschichtsvereins und des Fotoarchivs Herbert Ahrens. Dieses lag seit dem Tod von Herbert Ahrens 1995 unter dem Dach der Gerhart-Hauptmann-Schule in der Wichernstra\u00dfe. Durch Zufall erfuhr Harry Plaster einige Zeit sp\u00e4ter von diesem Fundus. <\/p>\n\n\n\n<p>Der erste Gedanke war, dieses Archiv muss in Bad Harzburg bleiben. Wiederum nach einiger Zeit, sah er einen Flyer der Harzburg Stiftung und wurde aufmerksam, f\u00fcr welche Belange und Projekte sich die Stiftung einbrachte.&nbsp; Dabei war auch der Bereich von Kunst und Kultur. Kurzerhand fragte er&nbsp;bei der damaligen Vorsitzenden Dorothea Homann an, wie man das Archiv f\u00fcr Bad Harzburg retten kann. Danach gab es erfolgreiche Verhandlungen der Stiftung mit Frau Ell, der Tochter von Herbert Ahrens. Im Jahr 2004 konnten Klaus R\u00f6ttger und Harry Plaster anfangen, das Archiv umzusiedeln.&nbsp;Heute hat es die Bad Harzburg-Stiftung in der B\u00dcCHER-HEIMAT in der Stadtmitte untergebracht und digitalisiert.<\/p>\n\n\n\n<p>Tausende Fotos auch aus dem Harry-Plaster-Fundus finden sich auf der Plattform <strong><a href=\"https:\/\/harz-history.de\/archives\/2\" target=\"_blank\" rel=\"noreferrer noopener\">Harz-History<\/a><\/strong>.<\/p>\n\n\n\n<p>Redaktionelle Beitr\u00e4ge lieferte Harry Plaster auch f\u00fcr den <strong><a href=\"https:\/\/blog.harz-history.de\/\" target=\"_blank\" rel=\"noreferrer noopener\">Uhlenklippenspiegel<\/a><\/strong> des Harzburger Geschichtsvereins.<\/p>\n\n\n\n<p>Immer die richtige Adresse in Sachen Literatur auch zur Bad Harzburger Geschichte ist die <strong><a href=\"https:\/\/die-buecherheimat.de\/\" target=\"_blank\" rel=\"noreferrer noopener\">B\u00dcCHER-HEIMAT<\/a><\/strong><\/p>\n\n\n\n<p>Diese Website wird durch die <strong><a href=\"https:\/\/bad-harzburg-stiftung.de\/\" target=\"_blank\" rel=\"noreferrer noopener\">Bad Harzburg-Stiftung<\/a><\/strong> und die Firma <strong><a href=\"https:\/\/www.curant-bauregie.de\/\" target=\"_blank\" rel=\"noreferrer noopener\">Curant. Bauregie Dirk Junicke<\/a><\/strong> erm\u00f6glicht.<\/p>\n\n\n\n<p><\/p>\n","protected":false},"excerpt":{"rendered":"<p>Die erste Adresse f\u00fcr Bad Harzburger Geschichte Er ist die erste Adresse, wenn es um Einblicke in die Bad Harzburger Geschichte geht: Mit einer alten Ansichtskarte des einstigen \u201eCentral Hotel\u201c, das seinen Schwiegereltern bis 1976 geh\u00f6rte, begann f\u00fcr Harry Plaster<\/p>\n","protected":false},"author":1,"featured_media":0,"parent":0,"menu_order":0,"comment_status":"closed","ping_status":"open","template":"","meta":{"footnotes":""},"class_list":["post-2","page","type-page","status-publish","hentry"],"jetpack_sharing_enabled":true,"_links":{"self":[{"href":"https:\/\/archiv-harry-plaster.de\/index.php?rest_route=\/wp\/v2\/pages\/2","targetHints":{"allow":["GET"]}}],"collection":[{"href":"https:\/\/archiv-harry-plaster.de\/index.php?rest_route=\/wp\/v2\/pages"}],"about":[{"href":"https:\/\/archiv-harry-plaster.de\/index.php?rest_route=\/wp\/v2\/types\/page"}],"author":[{"embeddable":true,"href":"https:\/\/archiv-harry-plaster.de\/index.php?rest_route=\/wp\/v2\/users\/1"}],"replies":[{"embeddable":true,"href":"https:\/\/archiv-harry-plaster.de\/index.php?rest_route=%2Fwp%2Fv2%2Fcomments&post=2"}],"version-history":[{"count":7,"href":"https:\/\/archiv-harry-plaster.de\/index.php?rest_route=\/wp\/v2\/pages\/2\/revisions"}],"predecessor-version":[{"id":184,"href":"https:\/\/archiv-harry-plaster.de\/index.php?rest_route=\/wp\/v2\/pages\/2\/revisions\/184"}],"wp:attachment":[{"href":"https:\/\/archiv-harry-plaster.de\/index.php?rest_route=%2Fwp%2Fv2%2Fmedia&parent=2"}],"curies":[{"name":"wp","href":"https:\/\/api.w.org\/{rel}","templated":true}]}}